{"id":28,"date":"2024-08-01T17:53:01","date_gmt":"2024-08-01T20:53:01","guid":{"rendered":"https:\/\/zonacrypto.com.ar\/?page_id=28"},"modified":"2026-03-04T16:52:07","modified_gmt":"2026-03-04T19:52:07","slug":"inicio","status":"publish","type":"page","link":"https:\/\/zonacrypto.com.ar\/","title":{"rendered":"Inicio"},"content":{"rendered":"<section class=\"wpb-content-wrapper\"><p>[vc_row][vc_column][vc_single_image image=&#8221;73&#8243; img_size=&#8221;125&#215;125&#8243; alignment=&#8221;center&#8221; css_animation=&#8221;none&#8221;][\/vc_column][\/vc_row][vc_row][vc_column css=&#8221;.vc_custom_1722820591436{margin-top: -15px !important;}&#8221;][vc_separator color=&#8221;custom&#8221; accent_color=&#8221;#ffcc00&#8243;][\/vc_column][\/vc_row][vc_row][vc_column][vc_raw_html]JTVCY3J5cHRvcGFjayUyMGlkJTNEJTIyMjE4JTIyJTVE[\/vc_raw_html][\/vc_column][\/vc_row][vc_row][vc_column]<div class=\"blog-items row blog-type-grid blog-Home \"><article class=\"blog-item category-general with-image col-xs-12 col-sm-6 col-md-6\"><div class=\"wrap\"><div class=\"img\"><a href=\"https:\/\/zonacrypto.com.ar\/?p=830\" style=\"background-image: url(https:\/\/zonacrypto.com.ar\/wp-content\/uploads\/2026\/04\/Bit.avif);\"><\/a><\/div><div class=\"content\"><h5><a href=\"https:\/\/zonacrypto.com.ar\/?p=830\">El enfoque que proponen analistas para invertir en Bitcoin este trimestre<\/a><\/h5><p>Los inversionistas se cuestionan sobre aumentar o no la exposici\u00f3n a criptomonedas en este segundo trimestre, en un contexto marcado la volatilidad y los choques macroecon\u00f3micos por la guerra e...<\/p><\/div><\/div><\/article><article class=\"blog-item category-general with-image col-xs-12 col-sm-6 col-md-6\"><div class=\"wrap\"><div class=\"img\"><a href=\"https:\/\/zonacrypto.com.ar\/?p=819\" style=\"background-image: url(https:\/\/zonacrypto.com.ar\/wp-content\/uploads\/2026\/04\/Criptomonedas.png);\"><\/a><\/div><div class=\"content\"><h5><a href=\"https:\/\/zonacrypto.com.ar\/?p=819\">Bancos centrales ya acumulan 17% del oro del mundo<\/a><\/h5><p>El oro contin\u00faa consolid\u00e1ndose como un activo estrat\u00e9gico para los Estados. Hasta finales de 2025, los bancos centrales globales acumulaban aproximadamente 38.666 toneladas, lo que representa ...<\/p><\/div><\/div><\/article><article class=\"blog-item category-general with-image col-xs-12 col-sm-6 col-md-6\"><div class=\"wrap\"><div class=\"img\"><a href=\"https:\/\/zonacrypto.com.ar\/?p=813\" style=\"background-image: url(https:\/\/zonacrypto.com.ar\/wp-content\/uploads\/2026\/04\/Dos.webp);\"><\/a><\/div><div class=\"content\"><h5><a href=\"https:\/\/zonacrypto.com.ar\/?p=813\">\u00bfDiversificaci\u00f3n sin riesgo?<\/a><\/h5><p>El estudio compara el desempe\u00f1o reciente de ambos activos en un entorno de tensi\u00f3n fiscal y riesgos inflacionarios. En los \u00faltimos dos meses, bitcoin registr\u00f3 un avance cercano al 9%, mientra...<\/p><\/div><\/div><\/article><article class=\"blog-item category-general with-image col-xs-12 col-sm-6 col-md-6\"><div class=\"wrap\"><div class=\"img\"><a href=\"https:\/\/zonacrypto.com.ar\/?p=810\" style=\"background-image: url(https:\/\/zonacrypto.com.ar\/wp-content\/uploads\/2026\/04\/Citi.avif);\"><\/a><\/div><div class=\"content\"><h5><a href=\"https:\/\/zonacrypto.com.ar\/?p=810\">Citi propone mezclar Bitcoin y oro<\/a><\/h5><p>En abril de 2026, uUconcluy\u00f3 que combinar bitcoin (BTC) y oro dentro de un mismo portafolio mejora la eficiencia de los retornos sin incrementar el nivel de riesgo, en comparaci\u00f3n con estructur...<\/p><\/div><\/div><\/article><article class=\"blog-item category-general with-image col-xs-12 col-sm-6 col-md-6\"><div class=\"wrap\"><div class=\"img\"><a href=\"https:\/\/zonacrypto.com.ar\/?p=802\" style=\"background-image: url(https:\/\/zonacrypto.com.ar\/wp-content\/uploads\/2026\/04\/Landscape.webp);\"><\/a><\/div><div class=\"content\"><h5><a href=\"https:\/\/zonacrypto.com.ar\/?p=802\">Tether lanza su propia wallet de Bitcoin y USDT<\/a><\/h5><p>Tether anunci\u00f3 hoy, 14 de abril, el lanzamiento de Tether Wallet, una wallet de autocustodia dise\u00f1ada para uso cotidiano. Seg\u00fan explicaron desde la compa\u00f1\u00eda, la aplicaci\u00f3n soporta USDT, USD...<\/p><\/div><\/div><\/article><article class=\"blog-item category-general with-image col-xs-12 col-sm-6 col-md-6\"><div class=\"wrap\"><div class=\"img\"><a href=\"https:\/\/zonacrypto.com.ar\/?p=797\" style=\"background-image: url(https:\/\/zonacrypto.com.ar\/wp-content\/uploads\/2026\/03\/Acciones.jpg);\"><\/a><\/div><div class=\"content\"><h5><a href=\"https:\/\/zonacrypto.com.ar\/?p=797\">Black Rock con staking de Ethereum<\/a><\/h5><p>Debut\u00f3 en el mercado estadounidense el fondo cotizado en bolsa (ETF) de BlackRock basado en ether (ETH), la moneda digital de la red Ethereum que incorpora staking.\r\n\r\nEn su primer d\u00eda de opera...<\/p><\/div><\/div><\/article><\/div>[\/vc_column][\/vc_row][vc_row][vc_column][vc_text_separator title=&#8221;Zona Crypto&#8221; color=&#8221;custom&#8221; accent_color=&#8221;#ffcc00&#8243;][\/vc_column][\/vc_row][vc_row][vc_column]<div class=\"blog-items row blog-type-grid blog-Varias \"><article class=\"blog-item category-varias col-xs-12 col-sm-4 col-md-3\"><div class=\"wrap\"><div class=\"content\"><h5><a href=\"https:\/\/zonacrypto.com.ar\/?p=827\">Proyecciones de mercado y Bitcoin<\/a><\/h5><p>Bajo este esquema de liquidez creciente, Hayes sit\u00faa a bitcoin como el principal beneficiario. La previsi\u00f3n de alcanzar los 145.000 d\u00f3lares para finales de a\u00f1o se basa en la premisa de que lo...<\/p><\/div><\/div><\/article><article class=\"blog-item category-varias col-xs-12 col-sm-4 col-md-3\"><div class=\"wrap\"><div class=\"content\"><h5><a href=\"https:\/\/zonacrypto.com.ar\/?p=825\">La transici\u00f3n hacia una econom\u00eda de guerra<\/a><\/h5><p>Uno de los puntos m\u00e1s relevantes del an\u00e1lisis de Hayes es la transformaci\u00f3n de la pol\u00edtica fiscal estadounidense. El analista observa que, ante la disminuci\u00f3n de la demanda extranjera de deu...<\/p><\/div><\/div><\/article><article class=\"blog-item category-varias col-xs-12 col-sm-4 col-md-3\"><div class=\"wrap\"><div class=\"content\"><h5><a href=\"https:\/\/zonacrypto.com.ar\/?p=823\">La convergencia de tres factores en la econom\u00eda global forzar\u00eda una revalorizaci\u00f3n de bitcoin<\/a><\/h5><p>Arthur Hayes, cofundador de BitMEX, expuso las razones por las cuales mantiene una postura de \u00abm\u00e1ximo riesgo\u00bb en el mercado de bitcoin y las criptomonedas. Su tesis central sugiere que Bitcoin...<\/p><\/div><\/div><\/article><article class=\"blog-item category-varias col-xs-12 col-sm-4 col-md-3\"><div class=\"wrap\"><div class=\"content\"><h5><a href=\"https:\/\/zonacrypto.com.ar\/?p=816\">El mundo se encamina hacia una crisis de deuda hist\u00f3rica<\/a><\/h5><p>Los especialistas del bolet\u00edn financiero The Kobeissi Letter advirtieron que el mundo se encamina hacia una crisis de deuda hist\u00f3rica, seg\u00fan el m\u00e1s reciente informe del Fondo Monetario Intern...<\/p><\/div><\/div><\/article><\/div>[\/vc_column][\/vc_row][vc_row][vc_column][vc_separator color=&#8221;custom&#8221; accent_color=&#8221;#ffcc00&#8243;][\/vc_column][\/vc_row][vc_row][vc_column][vc_single_image image=&#8221;771&#8243; img_size=&#8221;full&#8221; alignment=&#8221;center&#8221; onclick=&#8221;custom_link&#8221; img_link_target=&#8221;_blank&#8221; link=&#8221;https:\/\/buenosaires.gob.ar\/DescubrirBA&#8221;][\/vc_column][\/vc_row][vc_row][vc_column width=&#8221;1\/3&#8243;][vc_single_image image=&#8221;67&#8243; img_size=&#8221;full&#8221; alignment=&#8221;center&#8221; onclick=&#8221;custom_link&#8221; img_link_target=&#8221;_blank&#8221; link=&#8221;https:\/\/cocos.capital\/university&#8221;][\/vc_column][vc_column width=&#8221;1\/3&#8243;][vc_single_image image=&#8221;68&#8243; img_size=&#8221;full&#8221; alignment=&#8221;center&#8221; onclick=&#8221;custom_link&#8221; img_link_target=&#8221;_blank&#8221; link=&#8221;https:\/\/bitso.com\/&#8221;][\/vc_column][vc_column width=&#8221;1\/3&#8243;][vc_single_image image=&#8221;70&#8243; img_size=&#8221;full&#8221; alignment=&#8221;center&#8221; onclick=&#8221;custom_link&#8221; link=&#8221;https:\/\/www.coincover.com\/&#8221;][\/vc_column][\/vc_row][vc_row][vc_column][vc_text_separator title=&#8221;Tutoriales&#8221; color=&#8221;custom&#8221; accent_color=&#8221;#ffcc00&#8243;][\/vc_column][\/vc_row][vc_row css=&#8221;.vc_custom_1724362963472{margin-right: 15px !important;margin-left: 15px !important;}&#8221;][vc_column width=&#8221;1\/4&#8243; css=&#8221;.vc_custom_1724363447976{margin-right: 15px !important;margin-left: 15px !important;}&#8221;][vc_single_image image=&#8221;220&#8243; img_size=&#8221;full&#8221; alignment=&#8221;center&#8221; style=&#8221;vc_box_circle_2&#8243; onclick=&#8221;custom_link&#8221; img_link_target=&#8221;_blank&#8221; link=&#8221;https:\/\/academy.binance.com\/es\/articles\/binance-beginner-s-guide&#8221;][\/vc_column][vc_column width=&#8221;1\/4&#8243; css=&#8221;.vc_custom_1724362947681{margin-right: 15px !important;margin-left: 15px !important;}&#8221;][vc_single_image image=&#8221;221&#8243; img_size=&#8221;full&#8221; alignment=&#8221;center&#8221; style=&#8221;vc_box_circle_2&#8243; onclick=&#8221;custom_link&#8221; img_link_target=&#8221;_blank&#8221; link=&#8221;https:\/\/help.crypto.com\/es\/articles\/5440400-guia-del-usuario-de-la-aplicacion-crypto-com&#8221;][\/vc_column][vc_column width=&#8221;1\/4&#8243; css=&#8221;.vc_custom_1724362956438{margin-right: 15px !important;margin-left: 15px !important;}&#8221;][vc_single_image image=&#8221;222&#8243; img_size=&#8221;full&#8221; alignment=&#8221;center&#8221; style=&#8221;vc_box_circle_2&#8243; onclick=&#8221;custom_link&#8221; link=&#8221;https:\/\/www.coinbase.com\/es-la\/learn\/tips-and-tutorials&#8221;][\/vc_column][vc_column width=&#8221;1\/4&#8243; css=&#8221;.vc_custom_1724363454796{margin-right: 15px !important;margin-left: 15px !important;}&#8221;][vc_single_image image=&#8221;223&#8243; img_size=&#8221;full&#8221; alignment=&#8221;center&#8221; style=&#8221;vc_box_circle_2&#8243; onclick=&#8221;custom_link&#8221; link=&#8221;https:\/\/launchpad.ripio.com\/tutoriales&#8221;][\/vc_column][\/vc_row][vc_row full_width=&#8221;stretch_row_content&#8221; css=&#8221;.vc_custom_1722822122762{margin-right: -225px !important;margin-bottom: -70px !important;margin-left: -225px !important;}&#8221;][vc_column][vc_raw_html]JTA5JTA5JTA5JTA5JTA5JTA5JTA5JTA5JTA5JTNDZm9vdGVyJTIwY2xhc3MlM0QlMjJzaXRlLWZvb3RlciUyMG1haW4tcm93JTIyJTIwc3R5bGUlM0QlMjJtYXJnaW4tYm90dG9tJTNBJTIwLTM1cHglM0IlMjIlM0UlMEElMDklMDklMDklMDklMDklM0NkaXYlMjBjbGFzcyUzRCUyMmNvbnRhaW5lciUyMiUzRSUwQSUwOSUwOSUwOSUwOSUwOSUwOSUzQ2RpdiUyMGNsYXNzJTNEJTIycm93JTIyJTNFJTBBJTA5JTA5JTA5JTA5JTA5JTA5JTA5JTNDZGl2JTIwY2xhc3MlM0QlMjJjb2wteHMtMTIlMjBjb2wtbWQtNCUyMiUzRSUwQSUwQSUwOSUwOSUwOSUwOSUwOSUwOSUwOSUwOSUwOSUwOSUwOSUwOSUwOSUwOSUwOSUzQyUyRmRpdiUzRSUwQSUwOSUwOSUwOSUwOSUwOSUwOSUwOSUwOSUwOSUwOSUwOSUwOSUwOSUwOSUzQ2RpdiUyMGNsYXNzJTNEJTIyY29sLXhzLTEyJTIwY29sLXNtLTYlMjBjb2wtbWQtNCUyMiUzRSUwQSUwOSUwOSUwOSUwOSUwOSUwOSUwOSUwOSUzQ2RpdiUyMGlkJTNEJTIybWVkaWFfaW1hZ2UtMiUyMiUyMGNsYXNzJTNEJTIyd2lkZ2V0JTIwd2lkZ2V0X21lZGlhX2ltYWdlJTIyJTNFJTNDYSUyMGhyZWYlM0QlMjJodHRwcyUzQSUyRiUyRnpvbmFjcnlwdG8uY29tLmFyJTIyJTNFJTNDaW1nJTIwd2lkdGglM0QlMjIzNTAlMjIlMjBoZWlnaHQlM0QlMjI3NSUyMiUyMHNyYyUzRCUyMmh0dHBzJTNBJTJGJTJGem9uYWNyeXB0by5jb20uYXIlMkZ3cC1jb250ZW50JTJGdXBsb2FkcyUyRjIwMjQlMkYwOCUyRlpvbmFDcnlwdG8ucG5nJTIyJTIwY2xhc3MlM0QlMjJpbWFnZSUyMHdwLWltYWdlLTEyNSUyMCUyMGF0dGFjaG1lbnQtZnVsbCUyMHNpemUtZnVsbCUyMiUyMGFsdCUzRCUyMiUyMiUyMHN0eWxlJTNEJTIybWF4LXdpZHRoJTNBJTIwMTAwJTI1JTNCJTIwaGVpZ2h0JTNBJTIwYXV0byUzQiUyMiUyMGRlY29kaW5nJTNEJTIyYXN5bmMlMjIlMjBsb2FkaW5nJTNEJTIybGF6eSUyMiUyMHNyY3NldCUzRCUyMmh0dHBzJTNBJTJGJTJGem9uYWNyeXB0by5jb20uYXIlMkZ3cC1jb250ZW50JTJGdXBsb2FkcyUyRjIwMjQlMkYwOCUyRlpvbmFDcnlwdG8ucG5nJTIwMzUwdyUyQyUyMGh0dHBzJTNBJTJGJTJGem9uYWNyeXB0by5jb20uYXIlMkZ3cC1jb250ZW50JTJGdXBsb2FkcyUyRjIwMjQlMkYwOCUyRlpvbmFDcnlwdG8tMzAweDY0LnBuZyUyMDMwMHclMkMlMjBodHRwcyUzQSUyRiUyRnpvbmFjcnlwdG8uY29tLmFyJTJGd3AtY29udGVudCUyRnVwbG9hZHMlMkYyMDI0JTJGMDglMkZab25hQ3J5cHRvLTMyMHg2OS5wbmclMjAzMjB3JTIyJTIwc2l6ZXMlM0QlMjIlMjhtYXgtd2lkdGglM0ElMjAzNTBweCUyOSUyMDEwMHZ3JTJDJTIwMzUwcHglMjIlMjAlMkYlM0UlM0MlMkZhJTNFJTNDJTJGZGl2JTNFJTA5JTA5JTA5JTA5JTA5JTA5JTA5JTNDJTJGZGl2JTNFJTBBJTA5JTA5JTA5JTA5JTA5JTA5JTA5JTA5JTA5JTA5JTA5JTA5JTA5JTNDJTJGZGl2JTNFJTBBJTA5JTA5JTA5JTA5JTA5JTNDJTJGZGl2JTNFJTBBJTA5JTA5JTA5JTA5JTNDJTJGZm9vdGVyJTNF[\/vc_raw_html][\/vc_column][\/vc_row]<\/p>\n<\/section>","protected":false},"excerpt":{"rendered":"<p>[vc_row][vc_column][vc_single_image image=&#8221;73&#8243; img_size=&#8221;125&#215;125&#8243; alignment=&#8221;center&#8221; css_animation=&#8221;none&#8221;][\/vc_column][\/vc_row][vc_row][vc_column css=&#8221;.vc_custom_1722820591436{margin-top: -15px !important;}&#8221;][vc_separator color=&#8221;custom&#8221; accent_color=&#8221;#ffcc00&#8243;][\/vc_column][\/vc_row][vc_row][vc_column][vc_raw_html]JTVCY3J5cHRvcGFjayUyMGlkJTNEJTIyMjE4JTIyJTVE[\/vc_raw_html][\/vc_column][\/vc_row][vc_row][vc_column][\/vc_column][\/vc_row][vc_row][vc_column][vc_text_separator title=&#8221;Zona Crypto&#8221; color=&#8221;custom&#8221; accent_color=&#8221;#ffcc00&#8243;][\/vc_column][\/vc_row][vc_row][vc_column][\/vc_column][\/vc_row][vc_row][vc_column][vc_separator color=&#8221;custom&#8221; accent_color=&#8221;#ffcc00&#8243;][\/vc_column][\/vc_row][vc_row][vc_column][vc_single_image image=&#8221;771&#8243; img_size=&#8221;full&#8221; alignment=&#8221;center&#8221; onclick=&#8221;custom_link&#8221; img_link_target=&#8221;_blank&#8221; link=&#8221;https:\/\/buenosaires.gob.ar\/DescubrirBA&#8221;][\/vc_column][\/vc_row][vc_row][vc_column width=&#8221;1\/3&#8243;][vc_single_image image=&#8221;67&#8243; img_size=&#8221;full&#8221; alignment=&#8221;center&#8221; onclick=&#8221;custom_link&#8221; img_link_target=&#8221;_blank&#8221; link=&#8221;https:\/\/cocos.capital\/university&#8221;][\/vc_column][vc_column width=&#8221;1\/3&#8243;][vc_single_image image=&#8221;68&#8243; img_size=&#8221;full&#8221; alignment=&#8221;center&#8221; onclick=&#8221;custom_link&#8221; img_link_target=&#8221;_blank&#8221; link=&#8221;https:\/\/bitso.com\/&#8221;][\/vc_column][vc_column width=&#8221;1\/3&#8243;][vc_single_image image=&#8221;70&#8243; img_size=&#8221;full&#8221; alignment=&#8221;center&#8221; onclick=&#8221;custom_link&#8221; link=&#8221;https:\/\/www.coincover.com\/&#8221;][\/vc_column][\/vc_row][vc_row][vc_column][vc_text_separator title=&#8221;Tutoriales&#8221; color=&#8221;custom&#8221; accent_color=&#8221;#ffcc00&#8243;][\/vc_column][\/vc_row][vc_row css=&#8221;.vc_custom_1724362963472{margin-right: 15px !important;margin-left: 15px !important;}&#8221;][vc_column width=&#8221;1\/4&#8243; css=&#8221;.vc_custom_1724363447976{margin-right: 15px !important;margin-left: 15px [&hellip;]<\/p>\n","protected":false},"author":1,"featured_media":0,"parent":0,"menu_order":0,"comment_status":"closed","ping_status":"closed","template":"","meta":{"footnotes":""},"acf":[],"_links":{"self":[{"href":"https:\/\/zonacrypto.com.ar\/index.php?rest_route=\/wp\/v2\/pages\/28"}],"collection":[{"href":"https:\/\/zonacrypto.com.ar\/index.php?rest_route=\/wp\/v2\/pages"}],"about":[{"href":"https:\/\/zonacrypto.com.ar\/index.php?rest_route=\/wp\/v2\/types\/page"}],"author":[{"embeddable":true,"href":"https:\/\/zonacrypto.com.ar\/index.php?rest_route=\/wp\/v2\/users\/1"}],"replies":[{"embeddable":true,"href":"https:\/\/zonacrypto.com.ar\/index.php?rest_route=%2Fwp%2Fv2%2Fcomments&post=28"}],"version-history":[{"count":61,"href":"https:\/\/zonacrypto.com.ar\/index.php?rest_route=\/wp\/v2\/pages\/28\/revisions"}],"predecessor-version":[{"id":772,"href":"https:\/\/zonacrypto.com.ar\/index.php?rest_route=\/wp\/v2\/pages\/28\/revisions\/772"}],"wp:attachment":[{"href":"https:\/\/zonacrypto.com.ar\/index.php?rest_route=%2Fwp%2Fv2%2Fmedia&parent=28"}],"curies":[{"name":"wp","href":"https:\/\/api.w.org\/{rel}","templated":true}]}}